{"id":8193,"date":"2023-11-28T13:55:22","date_gmt":"2023-11-28T12:55:22","guid":{"rendered":"https:\/\/mcstrafficker.com\/?page_id=8193"},"modified":"2025-10-09T10:29:41","modified_gmt":"2025-10-09T09:29:41","slug":"avis-legal","status":"publish","type":"page","link":"https:\/\/mcstrafficker.com\/ca\/inicio\/avis-legal\/","title":{"rendered":"Avis Legal"},"content":{"rendered":"\t\t<div data-elementor-type=\"wp-page\" data-elementor-id=\"8193\" class=\"elementor elementor-8193\">\n\t\t\t\t<div class=\"elementor-element elementor-element-550fb69 e-flex e-con-boxed e-con e-parent\" data-id=\"550fb69\" data-element_type=\"container\" data-e-type=\"container\">\n\t\t\t\t\t<div class=\"e-con-inner\">\n\t\t<div class=\"elementor-element elementor-element-8b43c4c e-flex e-con-boxed e-con e-child\" data-id=\"8b43c4c\" data-element_type=\"container\" data-e-type=\"container\">\n\t\t\t\t\t<div class=\"e-con-inner\">\n\t\t\t\t<div class=\"elementor-element elementor-element-d1bc2ff elementor-widget__width-initial elementor-widget-tablet__width-inherit elementor-widget elementor-widget-heading\" data-id=\"d1bc2ff\" data-element_type=\"widget\" data-e-type=\"widget\" data-widget_type=\"heading.default\">\n\t\t\t\t<div class=\"elementor-widget-container\">\n\t\t\t\t\t<h3 class=\"elementor-heading-title elementor-size-default\">AV\u00cdS LEGAL<\/h3>\t\t\t\t<\/div>\n\t\t\t\t<\/div>\n\t\t\t\t\t<\/div>\n\t\t\t\t<\/div>\n\t\t<div class=\"elementor-element elementor-element-b0a5430 e-con-full e-flex e-con e-child\" data-id=\"b0a5430\" data-element_type=\"container\" data-e-type=\"container\">\n\t\t\t\t<div class=\"elementor-element elementor-element-9fb918b elementor-widget elementor-widget-text-editor\" data-id=\"9fb918b\" data-element_type=\"widget\" data-e-type=\"widget\" data-widget_type=\"text-editor.default\">\n\t\t\t\t<div class=\"elementor-widget-container\">\n\t\t\t\t\t\t\t\t\t<p>Complint amb la normativa definida en la Llei 34\/ 2002, de l&#8217;11 de Juliol, de Serveis de la Societat de la Informaci\u00f3 i de Comer\u00e7 Electr\u00f2nic, indiquem a continuaci\u00f3 les dades d&#8217;informaci\u00f3 general de l&#8217;av\u00eds legal d&#8217;aquesta p\u00e0gina web:<\/p><ul><li><b>Titular:<\/b> Miquel \u00c0ngel Camprub\u00ed<\/li><li><b>Nom comercial: <\/b><span class=\"mcs-trafficker\">MCS Trafficker Digital<\/span><\/li><li><b>Domicili:<\/b> Carrer del Camp 18. 08021 Barcelona<\/li><li><b>email:<\/b> <a href=\"mailto:mcs@mcstrafficker.com\">mcs@mcstrafficker.com<\/a><\/li><li><b>Tel\u00e9fon:<\/b> + 34 670 608 888<\/li><li><b>NIE:<\/b> X1215823C<\/li><\/ul><p>PROPIETAT INTEL\u00b7LECTUAL<\/p><p>Tots els continguts, inclosos els textos, les imatges, els sons i qualsevol altre material, s\u00f3n propietat de <strong>MCS Trafficker Digital<\/strong>. Queden reservats tots els drets d&#8217;explotaci\u00f3. Per tant, queda prohibida la reproducci\u00f3, retransmissi\u00f3, c\u00f2pia, cessi\u00f3 o difusi\u00f3 total o parcial del seu contingut sense autoritzaci\u00f3 expressa i per escrit.<\/p><p>RESPONSABILITAT DELS CONTINGUTS I ELS ENLLA\u00c7OS<\/p><p><strong>MCS Trafficker Digital<\/strong> no assumeix la responsabilitat de les infraccions que els usuaris puguin inc\u00f3rrer o dels danys i perjudicis causats per la utilitzaci\u00f3 d&#8217;aquesta web i es reserva el dret d&#8217;actualitzaci\u00f3 i modificaci\u00f3 de la informaci\u00f3 sense previ av\u00eds.<\/p><p>A m\u00e9s, <strong>MCS Trafficker Digital<\/strong> tampoc assumeix la responsabilitat del contingut, veracitat i\/o possibles errors en els enlla\u00e7os als quals es pot accedir a trav\u00e9s del lloc web. L&#8217;\u00fanica finalitat dels enlla\u00e7os \u00e9s la de proporcionar als usuaris l&#8217;acc\u00e9s a una informaci\u00f3 que pot ser del seu inter\u00e8s.<\/p>\t\t\t\t\t\t\t\t<\/div>\n\t\t\t\t<\/div>\n\t\t\t\t<\/div>\n\t\t\t\t\t<\/div>\n\t\t\t\t<\/div>\n\t\t\t\t<\/div>\n\t\t","protected":false},"excerpt":{"rendered":"<p>AV\u00cdS LEGAL Complint amb la normativa definida en la Llei 34\/ 2002, de l&#8217;11 de Juliol, de Serveis de la Societat de la Informaci\u00f3 i de Comer\u00e7 Electr\u00f2nic, indiquem a continuaci\u00f3 les dades d&#8217;informaci\u00f3 general de l&#8217;av\u00eds legal d&#8217;aquesta p\u00e0gina web: Titular: Miquel \u00c0ngel Camprub\u00ed Nom comercial: MCS Trafficker Digital Domicili: Carrer del Camp 18. [&hellip;]<\/p>\n","protected":false},"author":1,"featured_media":0,"parent":8380,"menu_order":5,"comment_status":"closed","ping_status":"closed","template":"","meta":{"site-sidebar-layout":"no-sidebar","site-content-layout":"page-builder","ast-site-content-layout":"full-width-container","site-content-style":"default","site-sidebar-style":"default","ast-global-header-display":"","ast-banner-title-visibility":"","ast-main-header-display":"","ast-hfb-above-header-display":"","ast-hfb-below-header-display":"","ast-hfb-mobile-header-display":"","site-post-title":"disabled","ast-breadcrumbs-content":"","ast-featured-img":"disabled","footer-sml-layout":"","ast-disable-related-posts":"","theme-transparent-header-meta":"","adv-header-id-meta":"","stick-header-meta":"","header-above-stick-meta":"","header-main-stick-meta":"","header-below-stick-meta":"","astra-migrate-meta-layouts":"set","ast-page-background-enabled":"default","ast-page-background-meta":{"desktop":{"background-color":"var(--ast-global-color-4)","background-image":"","background-repeat":"repeat","background-position":"center center","background-size":"auto","background-attachment":"scroll","background-type":"","background-media":"","overlay-type":"","overlay-color":"","overlay-opacity":"","overlay-gradient":""},"tablet":{"background-color":"","background-image":"","background-repeat":"repeat","background-position":"center center","background-size":"auto","background-attachment":"scroll","background-type":"","background-media":"","overlay-type":"","overlay-color":"","overlay-opacity":"","overlay-gradient":""},"mobile":{"background-color":"","background-image":"","background-repeat":"repeat","background-position":"center center","background-size":"auto","background-attachment":"scroll","background-type":"","background-media":"","overlay-type":"","overlay-color":"","overlay-opacity":"","overlay-gradient":""}},"ast-content-background-meta":{"desktop":{"background-color":"var(--ast-global-color-5)","background-image":"","background-repeat":"repeat","background-position":"center center","background-size":"auto","background-attachment":"scroll","background-type":"","background-media":"","overlay-type":"","overlay-color":"","overlay-opacity":"","overlay-gradient":""},"tablet":{"background-color":"var(--ast-global-color-5)","background-image":"","background-repeat":"repeat","background-position":"center center","background-size":"auto","background-attachment":"scroll","background-type":"","background-media":"","overlay-type":"","overlay-color":"","overlay-opacity":"","overlay-gradient":""},"mobile":{"background-color":"var(--ast-global-color-5)","background-image":"","background-repeat":"repeat","background-position":"center center","background-size":"auto","background-attachment":"scroll","background-type":"","background-media":"","overlay-type":"","overlay-color":"","overlay-opacity":"","overlay-gradient":""}},"footnotes":""},"class_list":["post-8193","page","type-page","status-publish","hentry"],"_links":{"self":[{"href":"https:\/\/mcstrafficker.com\/ca\/wp-json\/wp\/v2\/pages\/8193","targetHints":{"allow":["GET"]}}],"collection":[{"href":"https:\/\/mcstrafficker.com\/ca\/wp-json\/wp\/v2\/pages"}],"about":[{"href":"https:\/\/mcstrafficker.com\/ca\/wp-json\/wp\/v2\/types\/page"}],"author":[{"embeddable":true,"href":"https:\/\/mcstrafficker.com\/ca\/wp-json\/wp\/v2\/users\/1"}],"replies":[{"embeddable":true,"href":"https:\/\/mcstrafficker.com\/ca\/wp-json\/wp\/v2\/comments?post=8193"}],"version-history":[{"count":10,"href":"https:\/\/mcstrafficker.com\/ca\/wp-json\/wp\/v2\/pages\/8193\/revisions"}],"predecessor-version":[{"id":8332,"href":"https:\/\/mcstrafficker.com\/ca\/wp-json\/wp\/v2\/pages\/8193\/revisions\/8332"}],"up":[{"embeddable":true,"href":"https:\/\/mcstrafficker.com\/ca\/wp-json\/wp\/v2\/pages\/8380"}],"wp:attachment":[{"href":"https:\/\/mcstrafficker.com\/ca\/wp-json\/wp\/v2\/media?parent=8193"}],"curies":[{"name":"wp","href":"https:\/\/api.w.org\/{rel}","templated":true}]}}