{"id":8191,"date":"2023-10-23T13:06:40","date_gmt":"2023-10-23T12:06:40","guid":{"rendered":"https:\/\/mcstrafficker.com\/?page_id=8191"},"modified":"2025-10-09T10:30:40","modified_gmt":"2025-10-09T09:30:40","slug":"privacy-policy","status":"publish","type":"page","link":"https:\/\/mcstrafficker.com\/ca\/inicio\/privacy-policy\/","title":{"rendered":"Pol\u00edtica de privacitat"},"content":{"rendered":"\t\t<div data-elementor-type=\"wp-page\" data-elementor-id=\"8191\" class=\"elementor elementor-8191\">\n\t\t\t\t<div class=\"elementor-element elementor-element-64ac07d e-flex e-con-boxed e-con e-parent\" data-id=\"64ac07d\" data-element_type=\"container\" data-e-type=\"container\">\n\t\t\t\t\t<div class=\"e-con-inner\">\n\t\t<div class=\"elementor-element elementor-element-cc3a8d9 e-con-full e-flex e-con e-child\" data-id=\"cc3a8d9\" data-element_type=\"container\" data-e-type=\"container\">\n\t\t\t\t<div class=\"elementor-element elementor-element-27cd456 elementor-widget elementor-widget-spacer\" data-id=\"27cd456\" data-element_type=\"widget\" data-e-type=\"widget\" data-widget_type=\"spacer.default\">\n\t\t\t\t<div class=\"elementor-widget-container\">\n\t\t\t\t\t\t\t<div class=\"elementor-spacer\">\n\t\t\t<div class=\"elementor-spacer-inner\"><\/div>\n\t\t<\/div>\n\t\t\t\t\t\t<\/div>\n\t\t\t\t<\/div>\n\t\t\t\t<div class=\"elementor-element elementor-element-f2cb0c1 elementor-widget__width-auto elementor-widget elementor-widget-heading\" data-id=\"f2cb0c1\" data-element_type=\"widget\" data-e-type=\"widget\" data-widget_type=\"heading.default\">\n\t\t\t\t<div class=\"elementor-widget-container\">\n\t\t\t\t\t<div class=\"elementor-heading-title elementor-size-default\">POL\u00cdTICA DE PRIVACITAT<\/div>\t\t\t\t<\/div>\n\t\t\t\t<\/div>\n\t\t\t\t<\/div>\n\t\t<div class=\"elementor-element elementor-element-ac9ab79 e-con-full e-flex e-con e-child\" data-id=\"ac9ab79\" data-element_type=\"container\" data-e-type=\"container\">\n\t\t\t\t<div class=\"elementor-element elementor-element-9a43262 elementor-widget elementor-widget-text-editor\" data-id=\"9a43262\" data-element_type=\"widget\" data-e-type=\"widget\" data-widget_type=\"text-editor.default\">\n\t\t\t\t<div class=\"elementor-widget-container\">\n\t\t\t\t\t\t\t\t\t<p>Amb l&#8217;objectiu de complir els preceptes de la Llei org\u00e0nica 3\/2018 de Protecci\u00f3 de Dades Personals i garantia dels drets digitals, i el Reglament General de Protecci\u00f3 de Dades 2016\/679 de la Uni\u00f3 Europea, <strong>MCS TRAFFICKER DIGITAL<\/strong> informa els usuaris d&#8217;aquesta p\u00e0gina web dels punts seg\u00fcents:<\/p><p>Tota la informaci\u00f3 que rebi MCS TRAFFICKER DIGITAL ser\u00e0 tractada amb la m\u00e0xima confidencialitat i seguretat, i s&#8217;incorporar\u00e0 als fitxers automatitzats de la seva propietat, la creaci\u00f3 de la qual ha estat degudament notificada a l&#8217;Ag\u00e8ncia de Protecci\u00f3 de Dades.<\/p><p>Aquesta informaci\u00f3 \u00e9s utilitzada exclusivament per MCS TRAFFICKER DIGITAL amb la finalitat de mantenir la relaci\u00f3 comercial i mercantil amb els seus clients, aix\u00ed com per a mantenir-los puntualment informats dels productes i serveis que ofereix, i no ser\u00e0 comunicada a terceres parts excepte en els casos en qu\u00e8 MCS TRAFFICKER DIGITAL estigui obligada legalment o es tracti de dades d&#8217;informaci\u00f3 p\u00fablica.<\/p><p>Les persones interessades podran exercir respecte a MCS TRAFFICKER DIGITAL els drets d&#8217;acc\u00e9s, rectificaci\u00f3, supressi\u00f3, portabilitat i oposici\u00f3 o limitaci\u00f3 al tractament de les seves dades, per mitj\u00e0 d&#8217;un escrit signat dirigit a MCS TRAFFICKER DIGITAL, Carrer del Camp 18. 08021 Barcelona, o enviant-ho per correu electr\u00f2nic\u00a0 a l&#8217;adre\u00e7a mcs@mcstrafficker.com, afegint en qualsevol cas la fotoc\u00f2pia del DNI de la persona interessada.<\/p><p>MCS TRAFFICKER DIGITAL guardar\u00e0 les dades de car\u00e0cter personal que hagi recollit, i adoptar\u00e0 les mesures necess\u00e0ries per a evitar la seva alteraci\u00f3, p\u00e8rdua, tractament o acc\u00e9s no autoritzat. MCS TRAFFICKER DIGITAL complir\u00e0 amb aquesta obligaci\u00f3 de conformitat amb el Reglament 2016\/679 (UE) del Parlament Europeu i el Consell de la Uni\u00f3 Europea (Reglament General de Protecci\u00f3 de Dades) i totes les disposicions posteriors.<\/p>\t\t\t\t\t\t\t\t<\/div>\n\t\t\t\t<\/div>\n\t\t\t\t<\/div>\n\t\t\t\t\t<\/div>\n\t\t\t\t<\/div>\n\t\t\t\t<\/div>\n\t\t","protected":false},"excerpt":{"rendered":"<p>POL\u00cdTICA DE PRIVACITAT Amb l&#8217;objectiu de complir els preceptes de la Llei org\u00e0nica 3\/2018 de Protecci\u00f3 de Dades Personals i garantia dels drets digitals, i el Reglament General de Protecci\u00f3 de Dades 2016\/679 de la Uni\u00f3 Europea, MCS TRAFFICKER DIGITAL informa els usuaris d&#8217;aquesta p\u00e0gina web dels punts seg\u00fcents: Tota la informaci\u00f3 que rebi MCS [&hellip;]<\/p>\n","protected":false},"author":1,"featured_media":0,"parent":8380,"menu_order":6,"comment_status":"closed","ping_status":"closed","template":"elementor_header_footer","meta":{"site-sidebar-layout":"default","site-content-layout":"","ast-site-content-layout":"default","site-content-style":"default","site-sidebar-style":"default","ast-global-header-display":"","ast-banner-title-visibility":"","ast-main-header-display":"","ast-hfb-above-header-display":"","ast-hfb-below-header-display":"","ast-hfb-mobile-header-display":"","site-post-title":"","ast-breadcrumbs-content":"","ast-featured-img":"","footer-sml-layout":"","ast-disable-related-posts":"","theme-transparent-header-meta":"","adv-header-id-meta":"","stick-header-meta":"","header-above-stick-meta":"","header-main-stick-meta":"","header-below-stick-meta":"","astra-migrate-meta-layouts":"set","ast-page-background-enabled":"default","ast-page-background-meta":{"desktop":{"background-color":"var(--ast-global-color-4)","background-image":"","background-repeat":"repeat","background-position":"center center","background-size":"auto","background-attachment":"scroll","background-type":"","background-media":"","overlay-type":"","overlay-color":"","overlay-opacity":"","overlay-gradient":""},"tablet":{"background-color":"","background-image":"","background-repeat":"repeat","background-position":"center center","background-size":"auto","background-attachment":"scroll","background-type":"","background-media":"","overlay-type":"","overlay-color":"","overlay-opacity":"","overlay-gradient":""},"mobile":{"background-color":"","background-image":"","background-repeat":"repeat","background-position":"center center","background-size":"auto","background-attachment":"scroll","background-type":"","background-media":"","overlay-type":"","overlay-color":"","overlay-opacity":"","overlay-gradient":""}},"ast-content-background-meta":{"desktop":{"background-color":"var(--ast-global-color-5)","background-image":"","background-repeat":"repeat","background-position":"center center","background-size":"auto","background-attachment":"scroll","background-type":"","background-media":"","overlay-type":"","overlay-color":"","overlay-opacity":"","overlay-gradient":""},"tablet":{"background-color":"var(--ast-global-color-5)","background-image":"","background-repeat":"repeat","background-position":"center center","background-size":"auto","background-attachment":"scroll","background-type":"","background-media":"","overlay-type":"","overlay-color":"","overlay-opacity":"","overlay-gradient":""},"mobile":{"background-color":"var(--ast-global-color-5)","background-image":"","background-repeat":"repeat","background-position":"center center","background-size":"auto","background-attachment":"scroll","background-type":"","background-media":"","overlay-type":"","overlay-color":"","overlay-opacity":"","overlay-gradient":""}},"footnotes":""},"class_list":["post-8191","page","type-page","status-publish","hentry"],"_links":{"self":[{"href":"https:\/\/mcstrafficker.com\/ca\/wp-json\/wp\/v2\/pages\/8191","targetHints":{"allow":["GET"]}}],"collection":[{"href":"https:\/\/mcstrafficker.com\/ca\/wp-json\/wp\/v2\/pages"}],"about":[{"href":"https:\/\/mcstrafficker.com\/ca\/wp-json\/wp\/v2\/types\/page"}],"author":[{"embeddable":true,"href":"https:\/\/mcstrafficker.com\/ca\/wp-json\/wp\/v2\/users\/1"}],"replies":[{"embeddable":true,"href":"https:\/\/mcstrafficker.com\/ca\/wp-json\/wp\/v2\/comments?post=8191"}],"version-history":[{"count":6,"href":"https:\/\/mcstrafficker.com\/ca\/wp-json\/wp\/v2\/pages\/8191\/revisions"}],"predecessor-version":[{"id":8337,"href":"https:\/\/mcstrafficker.com\/ca\/wp-json\/wp\/v2\/pages\/8191\/revisions\/8337"}],"up":[{"embeddable":true,"href":"https:\/\/mcstrafficker.com\/ca\/wp-json\/wp\/v2\/pages\/8380"}],"wp:attachment":[{"href":"https:\/\/mcstrafficker.com\/ca\/wp-json\/wp\/v2\/media?parent=8191"}],"curies":[{"name":"wp","href":"https:\/\/api.w.org\/{rel}","templated":true}]}}